{"id":865,"date":"2021-10-19T15:16:55","date_gmt":"2021-10-19T13:16:55","guid":{"rendered":"http:\/\/www.lifefalkon.eu\/?page_id=865"},"modified":"2022-11-17T16:22:29","modified_gmt":"2022-11-17T15:22:29","slug":"threats","status":"publish","type":"page","link":"http:\/\/www.lifefalkon.eu\/it\/threats\/","title":{"rendered":"Minacce"},"content":{"rendered":"<p>La popolazione mondiale del Grillaio ha sub\u00ecto, a partire dalla met\u00e0 del XX secolo, un marcato declino demografico. Tale declino \u00e8 stato particolarmente drammatico in Europa, che ha visto una riduzione del numero di coppie di Grillaio del 90% in pochi decenni. A partire dagli anni 2000 la specie ha iniziato una lenta ripresa, che l\u2019ha portata perfino a colonizzare nuove aree, come la Pianura Padana.<\/p>\n<p>Le principali minacce che gravano sul Grillaio presso le zone di nidificazione sono la riduzione degli habitat di caccia a causa dei cambiamenti climatici, dell\u2019intensificazione dell\u2019agricoltura e delle trasformazioni agrarie verso colture meno idonee alla specie, dell\u2019urbanizzazione e della riforestazione; la riduzione delle prede e l\u2019avvelenamento dovuti all\u2019uso dei pesticidi; la perdita di siti di nidificazione a causa dell\u2019abbattimento o della ristrutturazione dei vecchi edifici o del disturbo da parte dell\u2019uomo.<\/p>\n<p>Di minor rilievo, ma comunque importanti, sono le collisioni con linee elettriche e impianti eolici e il bracconaggio.<\/p>\n<p>&nbsp;<\/p>\n<p><img loading=\"lazy\" decoding=\"async\" src=\"https:\/\/www.ornithologiki.gr\/images\/EIDI_pouliwn\/Falco_naumanni_NikosKoutras_ORNITHOLOGIKI.jpg\" alt=\"Falco naumanni NikosKoutras ORNITHOLOGIKI\" width=\"900\" height=\"601\" \/><\/p>","protected":false},"excerpt":{"rendered":"<p>La popolazione mondiale del Grillaio ha sub\u00ecto, a partire dalla met\u00e0 del XX secolo, un marcato declino demografico. Tale declino \u00e8 stato particolarmente drammatico in Europa, che ha visto una riduzione del numero di coppie di Grillaio del 90% in pochi decenni. A partire dagli anni 2000 la specie ha iniziato una lenta ripresa, che [&hellip;]<\/p>\n","protected":false},"author":15,"featured_media":0,"parent":0,"menu_order":2,"comment_status":"closed","ping_status":"closed","template":"","meta":{"footnotes":""},"tags":[],"class_list":["post-865","page","type-page","status-publish","hentry"],"_links":{"self":[{"href":"http:\/\/www.lifefalkon.eu\/it\/wp-json\/wp\/v2\/pages\/865","targetHints":{"allow":["GET"]}}],"collection":[{"href":"http:\/\/www.lifefalkon.eu\/it\/wp-json\/wp\/v2\/pages"}],"about":[{"href":"http:\/\/www.lifefalkon.eu\/it\/wp-json\/wp\/v2\/types\/page"}],"author":[{"embeddable":true,"href":"http:\/\/www.lifefalkon.eu\/it\/wp-json\/wp\/v2\/users\/15"}],"replies":[{"embeddable":true,"href":"http:\/\/www.lifefalkon.eu\/it\/wp-json\/wp\/v2\/comments?post=865"}],"version-history":[{"count":7,"href":"http:\/\/www.lifefalkon.eu\/it\/wp-json\/wp\/v2\/pages\/865\/revisions"}],"predecessor-version":[{"id":1639,"href":"http:\/\/www.lifefalkon.eu\/it\/wp-json\/wp\/v2\/pages\/865\/revisions\/1639"}],"wp:attachment":[{"href":"http:\/\/www.lifefalkon.eu\/it\/wp-json\/wp\/v2\/media?parent=865"}],"wp:term":[{"taxonomy":"post_tag","embeddable":true,"href":"http:\/\/www.lifefalkon.eu\/it\/wp-json\/wp\/v2\/tags?post=865"}],"curies":[{"name":"wp","href":"https:\/\/api.w.org\/{rel}","templated":true}]}}