{"id":853,"date":"2021-10-19T15:15:49","date_gmt":"2021-10-19T13:15:49","guid":{"rendered":"http:\/\/www.lifefalkon.eu\/?page_id=853"},"modified":"2022-02-18T12:48:32","modified_gmt":"2022-02-18T11:48:32","slug":"identification","status":"publish","type":"page","link":"http:\/\/www.lifefalkon.eu\/it\/identification\/","title":{"rendered":"Identificazione"},"content":{"rendered":"<p>Il Grillaio (<em>Falco naumanni<\/em>) \u00e8 un piccolo falco elegante e slanciato, con ali piuttosto strette e appuntite e coda lunga. Misura circa 30 cm di lunghezza e ha un&#8217;apertura alare di 60-70 cm.<\/p>\n<p>I due sessi sono molto diversi tra loro. Il maschio ha colori pi\u00f9 accesi: la testa \u00e8 grigio ardesia, cos\u00ec come la coda, che presenta un ampio bordo nero; il dorso \u00e8 marrone-rossiccio, mentre il petto e il ventre sono color crema, con piccole macchie nere a forma di cuore. Si differenzia dal pi\u00f9 comune Gheppio (<em>Falco tinnunculus<\/em>) per l\u2019assenza di \u201cmustacchi\u201d sul capo e di segni neri sul dorso e per una fascia grigia che attraversa le ali (unicamente mattone e nere nel Gheppio). La femmina, invece, ha un piumaggio meno vistoso, con parti superiori marrone chiaro barrate di nero e parti inferiori color sabbia e pesantemente macchiate di nero. \u00c8 molto simile alla femmina del Gheppio, dalla quale si pu\u00f2 distinguere solo osservando piccoli particolari, come il colore delle unghie (bianche nel Grillaio, scure nel Gheppio) e la lunghezza relativa di ali e coda. Il giovane \u00e8 simile alla femmina. Al contrario di quello che si potrebbe pensare, la femmina, con i suoi 160 g di peso, \u00e8 pi\u00f9 grande e massiccia del maschio, che pesa solo 140 gr.<\/p>\n<p>La voce \u00e8 caratteristica: un \u201ccheck-check-check\u201d emesso soprattutto presso le colonie e utilizzato per comunicare con il partner e per segnalare la presenza di un intruso.<\/p>\n<h1><strong><img loading=\"lazy\" decoding=\"async\" class=\"\" src=\"https:\/\/www.ornithologiki.gr\/images\/EIDI_pouliwn\/LESSER_KESTRELS_PDOUGALIS.jpg\" alt=\"LESSER KESTRELS PDOUGALIS\" width=\"446\" height=\"597\" \/><\/strong><\/h1>\n<p><\/p>","protected":false},"excerpt":{"rendered":"<p>Il Grillaio (Falco naumanni) \u00e8 un piccolo falco elegante e slanciato, con ali piuttosto strette e appuntite e coda lunga. Misura circa 30 cm di lunghezza e ha un&#8217;apertura alare di 60-70 cm. I due sessi sono molto diversi tra loro. Il maschio ha colori pi\u00f9 accesi: la testa \u00e8 grigio ardesia, cos\u00ec come la [&hellip;]<\/p>\n","protected":false},"author":15,"featured_media":0,"parent":0,"menu_order":5,"comment_status":"closed","ping_status":"closed","template":"","meta":{"footnotes":""},"tags":[],"class_list":["post-853","page","type-page","status-publish","hentry"],"_links":{"self":[{"href":"http:\/\/www.lifefalkon.eu\/it\/wp-json\/wp\/v2\/pages\/853","targetHints":{"allow":["GET"]}}],"collection":[{"href":"http:\/\/www.lifefalkon.eu\/it\/wp-json\/wp\/v2\/pages"}],"about":[{"href":"http:\/\/www.lifefalkon.eu\/it\/wp-json\/wp\/v2\/types\/page"}],"author":[{"embeddable":true,"href":"http:\/\/www.lifefalkon.eu\/it\/wp-json\/wp\/v2\/users\/15"}],"replies":[{"embeddable":true,"href":"http:\/\/www.lifefalkon.eu\/it\/wp-json\/wp\/v2\/comments?post=853"}],"version-history":[{"count":4,"href":"http:\/\/www.lifefalkon.eu\/it\/wp-json\/wp\/v2\/pages\/853\/revisions"}],"predecessor-version":[{"id":1429,"href":"http:\/\/www.lifefalkon.eu\/it\/wp-json\/wp\/v2\/pages\/853\/revisions\/1429"}],"wp:attachment":[{"href":"http:\/\/www.lifefalkon.eu\/it\/wp-json\/wp\/v2\/media?parent=853"}],"wp:term":[{"taxonomy":"post_tag","embeddable":true,"href":"http:\/\/www.lifefalkon.eu\/it\/wp-json\/wp\/v2\/tags?post=853"}],"curies":[{"name":"wp","href":"https:\/\/api.w.org\/{rel}","templated":true}]}}